{"id":5250,"date":"2022-10-10T15:16:24","date_gmt":"2022-10-10T13:16:24","guid":{"rendered":"https:\/\/57spanngurte.de\/?post_type=product&#038;p=5250"},"modified":"2026-03-17T11:07:57","modified_gmt":"2026-03-17T10:07:57","slug":"losende-50mm-breit","status":"publish","type":"product","link":"https:\/\/57spanngurte.de\/en\/produkt\/losende-50mm-breit\/","title":{"rendered":"Losende 50mm breit"},"content":{"rendered":"<p>Auf Anfrage liefern wir Ihnen Zurrgurte genau auf Ihre Bed\u00fcrfnisse zugeschnitten. Alle Spanngurte sind mit dem blauen GS-Siegel versehen und nach<br \/>\nDIN EN 12195-2 gefertigt.<\/p>\n<h4 data-start=\"208\" data-end=\"308\">Losende\/ Spanngurt mit Haken \u2013 flexible und sichere Ladungssicherung f\u00fcr Profis<\/h4>\n<p data-start=\"310\" data-end=\"661\">Ob im gewerblichen Transport oder in Handwerksunternehmen \u2013 ein zuverl\u00e4ssiger Spanngurt geh\u00f6rt zur Grundausstattung f\u00fcr eine normgerechte und sichere Ladungssicherung. Bei 57Spanngurte.de finden Sie eine gro\u00dfe Auswahl an Spanngurten mit Haken, Losende, <a href=\"https:\/\/57spanngurte.de\/produkt\/gurtverlaengerung-losende-mit-spitzhaken-und-d-ring-2500-5000-dan-03m-laenge\/\">Gurtverl\u00e4ngerungen<\/a>, <a href=\"https:\/\/57spanngurte.de\/produkt\/festende-mit-druckratsche-75mm-05m-stf-750-dan\/\">Festende mit Druckratsche<\/a> oder <a href=\"https:\/\/57spanngurte.de\/produkt\/spanngurt-2-teilig-2500-5000-dan-50mm-breit-mit-spitzhaken-und-langhebelratsche\/\">Zurrgurte mit Langhebelratsche<\/a>\u00a0f\u00fcr jeden Einsatzzweck.<\/p>\n<h4 data-start=\"663\" data-end=\"730\"><strong data-start=\"663\" data-end=\"730\">Spanngurt mit Haken \u2013 schnell, sicher und vielseitig einsetzbar<\/strong><\/h4>\n<p data-start=\"732\" data-end=\"1087\">Ein Spanngurt mit Haken ist ideal, wenn es auf schnelle Handhabung und zuverl\u00e4ssige Befestigung ankommt. Dank der robusten Haken lassen sich die Gurte unkompliziert an \u00d6sen, Rungen oder anderen Befestigungspunkten einh\u00e4ngen. Egal ob auf LKWs, Anh\u00e4ngern oder bei der Sicherung von Paletten und Maschinen \u2013 der <a href=\"https:\/\/57spanngurte.de\/produkt\/spanngurt-2-teilig-2500-5000-dan-50mm-breit-mit-spitzhaken-und-standard-druckratsche\/https:\/\/57spanngurte.de\/produkt\/spanngurt-2-teilig-2500-5000-dan-50mm-breit-mit-spitzhaken-und-standard-druckratsche\/\">Spanngurt mit Haken und Standard Druckratsche<\/a> sorgt f\u00fcr festen Halt. Wenn die Ratschen noch in Ordnung sind, die Gurte aber nicht mehr, ist das Losende das richtige Produkt. Auch eine Ersatz Ratsche, das <a href=\"https:\/\/57spanngurte.de\/produkt\/festende-mit-druckratsche-75mm-05m-stf-750-dan\/\">Festende mit Langhebelratsche<\/a> finden Sie in unserem Shop.<\/p>\n<h4 data-start=\"1089\" data-end=\"1166\"><strong data-start=\"1089\" data-end=\"1166\">Losende \u2013 maximale Kontrolle bei der Ladungssicherung<\/strong><\/h4>\n<p data-start=\"1168\" data-end=\"1551\">Das Losende spielt eine zentrale Rolle bei der sicheren Anwendung eines Spanngurtes. Es erm\u00f6glicht das pr\u00e4zise Einf\u00fchren des Gurtes und sorgt f\u00fcr optimale Spannung \u2013 besonders bei sensiblen oder unregelm\u00e4\u00dfig geformten Transportg\u00fctern. Unsere <strong data-start=\"1414\" data-end=\"1450\">Spanngurte mit Haken und Losende<\/strong> sind perfekt aufeinander abgestimmt und \u00fcberzeugen durch einfache Handhabung und hohe Belastbarkeit.<\/p>\n<p data-start=\"1960\" data-end=\"1986\"><strong data-start=\"1960\" data-end=\"1986\">Ihre Vorteile bei uns:<\/strong><\/p>\n<ul data-start=\"1987\" data-end=\"2305\">\n<li data-start=\"1987\" data-end=\"2078\">\n<p data-start=\"1989\" data-end=\"2078\">Gro\u00dfe Auswahl: Spanngurt mit Haken in verschiedenen L\u00e4ngen, Breiten und Belastbarkeiten<\/p>\n<\/li>\n<li data-start=\"2079\" data-end=\"2162\">\n<p data-start=\"2081\" data-end=\"2162\">Passendes Zubeh\u00f6r: Losende, Ratschen, Ersatzteile und ma\u00dfgeschneiderte L\u00f6sungen<\/p>\n<\/li>\n<li data-start=\"2163\" data-end=\"2225\">\n<p data-start=\"2165\" data-end=\"2225\">Einfache Handhabung, hohe Sicherheit und gepr\u00fcfte Qualit\u00e4t<\/p>\n<\/li>\n<li data-start=\"2226\" data-end=\"2305\">\n<p data-start=\"2228\" data-end=\"2305\">F\u00fcr alle Transportarten: LKW, Anh\u00e4nger, Container, Maschinen, Paletten u.v.m.<\/p>\n<\/li>\n<\/ul>\n<p data-start=\"2307\" data-end=\"2381\"><strong data-start=\"2307\" data-end=\"2381\">Jetzt Spanngurt kaufen \u2013 f\u00fcr schnelle und sichere Transporte<\/strong><\/p>\n<p data-start=\"2383\" data-end=\"2547\">Vertrauen Sie auf durchdachte L\u00f6sungen mit Haken, Losende und optionaler Druckratsche \u2013 ideal f\u00fcr alle, die flexibel, sicher und effizient arbeiten m\u00f6chten.<\/p>\n<p data-start=\"2549\" data-end=\"2624\">\n","protected":false},"excerpt":{"rendered":"<p>Wenn die Ratschen noch in Ordnung sind, die Gurte aber nicht mehr, ist dies das richtige Produkt f\u00fcr Sie. Unsere Spanngurte mit Spitzhaken als Austausch f\u00fcr ablegereife Spanngurte.<br \/>\nNur Spanngurte ohne Ratsche!<\/p>\n<p>Die Farbe kann vom Produktbild abweichen.<\/p>\n","protected":false},"featured_media":5388,"comment_status":"closed","ping_status":"closed","template":"","meta":{"_monsterinsights_skip_tracking":false,"_monsterinsights_sitenote_active":false,"_monsterinsights_sitenote_note":"","_monsterinsights_sitenote_category":0},"product_brand":[],"product_cat":[129],"product_tag":[],"class_list":{"0":"post-5250","1":"product","2":"type-product","3":"status-publish","4":"has-post-thumbnail","6":"product_cat-spanngurte","8":"first","9":"instock","10":"taxable","11":"shipping-taxable","12":"purchasable","13":"product-type-variable","14":"has-default-attributes"},"yoast_head":"<!-- This site is optimized with the Yoast SEO plugin v27.2 - https:\/\/yoast.com\/product\/yoast-seo-wordpress\/ -->\n<title>Losende 50mm breit - 57Spanngurte<\/title>\n<meta name=\"description\" content=\"Zur idealen Ladungssicherung bieten wir Ihnen in unserem Shop Losende in vielen unterschiedlichen Ausf\u00fchrungen und L\u00e4ngen an.\" \/>\n<meta name=\"robots\" content=\"index, follow, max-snippet:-1, max-image-preview:large, max-video-preview:-1\" \/>\n<link rel=\"canonical\" href=\"https:\/\/57spanngurte.de\/produkt\/losende-50mm-breit\/\" \/>\n<meta property=\"og:locale\" content=\"en_US\" \/>\n<meta property=\"og:type\" content=\"article\" \/>\n<meta property=\"og:title\" content=\"Losende 50mm breit - 57Spanngurte\" \/>\n<meta property=\"og:description\" content=\"Zur idealen Ladungssicherung bieten wir Ihnen in unserem Shop Losende in vielen unterschiedlichen Ausf\u00fchrungen und L\u00e4ngen an.\" \/>\n<meta property=\"og:url\" content=\"https:\/\/57spanngurte.de\/produkt\/losende-50mm-breit\/\" \/>\n<meta property=\"og:site_name\" content=\"57Spanngurte\" \/>\n<meta property=\"article:modified_time\" content=\"2026-03-17T10:07:57+00:00\" \/>\n<meta property=\"og:image\" content=\"https:\/\/57spanngurte.de\/wp-content\/uploads\/2022\/10\/5t-50mm-long-straps.jpg\" \/>\n\t<meta property=\"og:image:width\" content=\"800\" \/>\n\t<meta property=\"og:image:height\" content=\"800\" \/>\n\t<meta property=\"og:image:type\" content=\"image\/jpeg\" \/>\n<meta name=\"twitter:card\" content=\"summary_large_image\" \/>\n<meta name=\"twitter:label1\" content=\"Est. reading time\" \/>\n\t<meta name=\"twitter:data1\" content=\"2 minutes\" \/>\n<script type=\"application\/ld+json\" class=\"yoast-schema-graph\">{\"@context\":\"https:\/\/schema.org\",\"@graph\":[{\"@type\":\"WebPage\",\"@id\":\"https:\/\/57spanngurte.de\/produkt\/losende-50mm-breit\/\",\"url\":\"https:\/\/57spanngurte.de\/produkt\/losende-50mm-breit\/\",\"name\":\"Losende 50mm breit - 57Spanngurte\",\"isPartOf\":{\"@id\":\"https:\/\/57spanngurte.de\/#website\"},\"primaryImageOfPage\":{\"@id\":\"https:\/\/57spanngurte.de\/produkt\/losende-50mm-breit\/#primaryimage\"},\"image\":{\"@id\":\"https:\/\/57spanngurte.de\/produkt\/losende-50mm-breit\/#primaryimage\"},\"thumbnailUrl\":\"https:\/\/57spanngurte.de\/wp-content\/uploads\/2022\/10\/5t-50mm-long-straps.jpg\",\"datePublished\":\"2022-10-10T13:16:24+00:00\",\"dateModified\":\"2026-03-17T10:07:57+00:00\",\"description\":\"Zur idealen Ladungssicherung bieten wir Ihnen in unserem Shop Losende in vielen unterschiedlichen Ausf\u00fchrungen und L\u00e4ngen an.\",\"breadcrumb\":{\"@id\":\"https:\/\/57spanngurte.de\/produkt\/losende-50mm-breit\/#breadcrumb\"},\"inLanguage\":\"en-US\",\"potentialAction\":[{\"@type\":\"ReadAction\",\"target\":[\"https:\/\/57spanngurte.de\/produkt\/losende-50mm-breit\/\"]}]},{\"@type\":\"ImageObject\",\"inLanguage\":\"en-US\",\"@id\":\"https:\/\/57spanngurte.de\/produkt\/losende-50mm-breit\/#primaryimage\",\"url\":\"https:\/\/57spanngurte.de\/wp-content\/uploads\/2022\/10\/5t-50mm-long-straps.jpg\",\"contentUrl\":\"https:\/\/57spanngurte.de\/wp-content\/uploads\/2022\/10\/5t-50mm-long-straps.jpg\",\"width\":800,\"height\":800,\"caption\":\"Losende 11,5m L\u00e4nge, 50mm breit\"},{\"@type\":\"BreadcrumbList\",\"@id\":\"https:\/\/57spanngurte.de\/produkt\/losende-50mm-breit\/#breadcrumb\",\"itemListElement\":[{\"@type\":\"ListItem\",\"position\":1,\"name\":\"Startseite\",\"item\":\"https:\/\/57spanngurte.de\/\"},{\"@type\":\"ListItem\",\"position\":2,\"name\":\"Produkte\",\"item\":\"https:\/\/57spanngurte.de\/shop\/\"},{\"@type\":\"ListItem\",\"position\":3,\"name\":\"Losende 50mm breit\"}]},{\"@type\":\"WebSite\",\"@id\":\"https:\/\/57spanngurte.de\/#website\",\"url\":\"https:\/\/57spanngurte.de\/\",\"name\":\"57Spanngurte\",\"description\":\"Spanngurte kaufen\",\"publisher\":{\"@id\":\"https:\/\/57spanngurte.de\/#organization\"},\"potentialAction\":[{\"@type\":\"SearchAction\",\"target\":{\"@type\":\"EntryPoint\",\"urlTemplate\":\"https:\/\/57spanngurte.de\/?s={search_term_string}\"},\"query-input\":{\"@type\":\"PropertyValueSpecification\",\"valueRequired\":true,\"valueName\":\"search_term_string\"}}],\"inLanguage\":\"en-US\"},{\"@type\":\"Organization\",\"@id\":\"https:\/\/57spanngurte.de\/#organization\",\"name\":\"57Spanngurte\",\"url\":\"https:\/\/57spanngurte.de\/\",\"logo\":{\"@type\":\"ImageObject\",\"inLanguage\":\"en-US\",\"@id\":\"https:\/\/57spanngurte.de\/#\/schema\/logo\/image\/\",\"url\":\"https:\/\/57spanngurte.de\/wp-content\/uploads\/2022\/10\/57_Spanngurte-01.png\",\"contentUrl\":\"https:\/\/57spanngurte.de\/wp-content\/uploads\/2022\/10\/57_Spanngurte-01.png\",\"width\":731,\"height\":151,\"caption\":\"57Spanngurte\"},\"image\":{\"@id\":\"https:\/\/57spanngurte.de\/#\/schema\/logo\/image\/\"}}]}<\/script>\n<!-- \/ Yoast SEO plugin. -->","yoast_head_json":{"title":"Losende 50mm breit - 57Spanngurte","description":"Zur idealen Ladungssicherung bieten wir Ihnen in unserem Shop Losende in vielen unterschiedlichen Ausf\u00fchrungen und L\u00e4ngen an.","robots":{"index":"index","follow":"follow","max-snippet":"max-snippet:-1","max-image-preview":"max-image-preview:large","max-video-preview":"max-video-preview:-1"},"canonical":"https:\/\/57spanngurte.de\/produkt\/losende-50mm-breit\/","og_locale":"en_US","og_type":"article","og_title":"Losende 50mm breit - 57Spanngurte","og_description":"Zur idealen Ladungssicherung bieten wir Ihnen in unserem Shop Losende in vielen unterschiedlichen Ausf\u00fchrungen und L\u00e4ngen an.","og_url":"https:\/\/57spanngurte.de\/produkt\/losende-50mm-breit\/","og_site_name":"57Spanngurte","article_modified_time":"2026-03-17T10:07:57+00:00","og_image":[{"width":800,"height":800,"url":"https:\/\/57spanngurte.de\/wp-content\/uploads\/2022\/10\/5t-50mm-long-straps.jpg","type":"image\/jpeg"}],"twitter_card":"summary_large_image","twitter_misc":{"Est. reading time":"2 minutes"},"schema":{"@context":"https:\/\/schema.org","@graph":[{"@type":"WebPage","@id":"https:\/\/57spanngurte.de\/produkt\/losende-50mm-breit\/","url":"https:\/\/57spanngurte.de\/produkt\/losende-50mm-breit\/","name":"Losende 50mm breit - 57Spanngurte","isPartOf":{"@id":"https:\/\/57spanngurte.de\/#website"},"primaryImageOfPage":{"@id":"https:\/\/57spanngurte.de\/produkt\/losende-50mm-breit\/#primaryimage"},"image":{"@id":"https:\/\/57spanngurte.de\/produkt\/losende-50mm-breit\/#primaryimage"},"thumbnailUrl":"https:\/\/57spanngurte.de\/wp-content\/uploads\/2022\/10\/5t-50mm-long-straps.jpg","datePublished":"2022-10-10T13:16:24+00:00","dateModified":"2026-03-17T10:07:57+00:00","description":"Zur idealen Ladungssicherung bieten wir Ihnen in unserem Shop Losende in vielen unterschiedlichen Ausf\u00fchrungen und L\u00e4ngen an.","breadcrumb":{"@id":"https:\/\/57spanngurte.de\/produkt\/losende-50mm-breit\/#breadcrumb"},"inLanguage":"en-US","potentialAction":[{"@type":"ReadAction","target":["https:\/\/57spanngurte.de\/produkt\/losende-50mm-breit\/"]}]},{"@type":"ImageObject","inLanguage":"en-US","@id":"https:\/\/57spanngurte.de\/produkt\/losende-50mm-breit\/#primaryimage","url":"https:\/\/57spanngurte.de\/wp-content\/uploads\/2022\/10\/5t-50mm-long-straps.jpg","contentUrl":"https:\/\/57spanngurte.de\/wp-content\/uploads\/2022\/10\/5t-50mm-long-straps.jpg","width":800,"height":800,"caption":"Losende 11,5m L\u00e4nge, 50mm breit"},{"@type":"BreadcrumbList","@id":"https:\/\/57spanngurte.de\/produkt\/losende-50mm-breit\/#breadcrumb","itemListElement":[{"@type":"ListItem","position":1,"name":"Startseite","item":"https:\/\/57spanngurte.de\/"},{"@type":"ListItem","position":2,"name":"Produkte","item":"https:\/\/57spanngurte.de\/shop\/"},{"@type":"ListItem","position":3,"name":"Losende 50mm breit"}]},{"@type":"WebSite","@id":"https:\/\/57spanngurte.de\/#website","url":"https:\/\/57spanngurte.de\/","name":"57Spanngurte","description":"Spanngurte kaufen","publisher":{"@id":"https:\/\/57spanngurte.de\/#organization"},"potentialAction":[{"@type":"SearchAction","target":{"@type":"EntryPoint","urlTemplate":"https:\/\/57spanngurte.de\/?s={search_term_string}"},"query-input":{"@type":"PropertyValueSpecification","valueRequired":true,"valueName":"search_term_string"}}],"inLanguage":"en-US"},{"@type":"Organization","@id":"https:\/\/57spanngurte.de\/#organization","name":"57Spanngurte","url":"https:\/\/57spanngurte.de\/","logo":{"@type":"ImageObject","inLanguage":"en-US","@id":"https:\/\/57spanngurte.de\/#\/schema\/logo\/image\/","url":"https:\/\/57spanngurte.de\/wp-content\/uploads\/2022\/10\/57_Spanngurte-01.png","contentUrl":"https:\/\/57spanngurte.de\/wp-content\/uploads\/2022\/10\/57_Spanngurte-01.png","width":731,"height":151,"caption":"57Spanngurte"},"image":{"@id":"https:\/\/57spanngurte.de\/#\/schema\/logo\/image\/"}}]}},"tiered_pricing_type":"fixed","tiered_pricing_fixed_rules":{"60":6.79999999999999982236431605997495353221893310546875,"200":5.79999999999999982236431605997495353221893310546875,"600":5.20000000000000017763568394002504646778106689453125},"tiered_pricing_product_settings":{"layout":"default","base_unit_name":{"singular":null,"plural":null},"default_variation":null},"tiered_pricing_minimum_quantity":null,"tiered_pricing_roles_data":[],"tiered_pricing_percentage_rules":[],"tiered_pricing_maximum_quantity":null,"tiered_pricing_quantity_step":null,"_links":{"self":[{"href":"https:\/\/57spanngurte.de\/en\/wp-json\/wp\/v2\/product\/5250","targetHints":{"allow":["GET"]}}],"collection":[{"href":"https:\/\/57spanngurte.de\/en\/wp-json\/wp\/v2\/product"}],"about":[{"href":"https:\/\/57spanngurte.de\/en\/wp-json\/wp\/v2\/types\/product"}],"replies":[{"embeddable":true,"href":"https:\/\/57spanngurte.de\/en\/wp-json\/wp\/v2\/comments?post=5250"}],"wp:featuredmedia":[{"embeddable":true,"href":"https:\/\/57spanngurte.de\/en\/wp-json\/wp\/v2\/media\/5388"}],"wp:attachment":[{"href":"https:\/\/57spanngurte.de\/en\/wp-json\/wp\/v2\/media?parent=5250"}],"wp:term":[{"taxonomy":"product_brand","embeddable":true,"href":"https:\/\/57spanngurte.de\/en\/wp-json\/wp\/v2\/product_brand?post=5250"},{"taxonomy":"product_cat","embeddable":true,"href":"https:\/\/57spanngurte.de\/en\/wp-json\/wp\/v2\/product_cat?post=5250"},{"taxonomy":"product_tag","embeddable":true,"href":"https:\/\/57spanngurte.de\/en\/wp-json\/wp\/v2\/product_tag?post=5250"}],"curies":[{"name":"wp","href":"https:\/\/api.w.org\/{rel}","templated":true}]}}