{"id":5252,"date":"2022-10-10T15:17:54","date_gmt":"2022-10-10T15:17:54","guid":{"rendered":"https:\/\/57spanngurte.de\/?post_type=product&#038;p=5252"},"modified":"2025-12-23T07:41:44","modified_gmt":"2025-12-23T06:41:44","slug":"spanngurt-2-teilig-5000-10000-dan-75mm-breit-mit-spitzhaken","status":"publish","type":"product","link":"https:\/\/57spanngurte.de\/en\/produkt\/spanngurt-2-teilig-5000-10000-dan-75mm-breit-mit-spitzhaken\/","title":{"rendered":"Spanngurt Losende 5000\/10000 daN 75mm breit mit Spitzhaken, Spanngurt Haken"},"content":{"rendered":"<h4><strong>Spanngurte mit Haken, Zurrgurte und Zubeh\u00f6r \u2013 alles f\u00fcr Ihre professionelle Ladungssicherung!<\/strong><\/h4>\n<p>Sichern Sie Ihre Ladung sicher, normgerecht und effizient mit den Produkten von 57Spanngurte.de, wie Spanngurte Haken in verschiedenen L\u00e4ngen, robuste Zurrgurte und durchdachtes Zubeh\u00f6r f\u00fcr alle Arten von Transporten. In unserem Online-Shop finden Sie eine gro\u00dfe Auswahl an Spanngurten f\u00fcr den t\u00e4glichen Einsatz.<\/p>\n<h4><strong>Spanngurte und Zurrgurte \u2013 eine zuverl\u00e4ssige Sicherung f\u00fcr jede Ladung<\/strong><\/h4>\n<p>Unsere <strong><a href=\"https:\/\/57spanngurte.de\/produkt\/spanngurt-2-teilig-2500-5000-dan-50mm-breit-mit-spitzhaken-und-standard-druckratsche\/\">Spanngurte mit Ratsche<\/a><\/strong> bieten optimale Spannkraft und sind ideal f\u00fcr die professionelle Lkw-Ladungssicherung, f\u00fcr Anh\u00e4nger oder Transporter. Die Handhabung ist einfach und effektiv: Mit nur wenigen Handgriffen ist Ihre Ladung fest verzurrt und gegen Verrutschen oder Umkippen gesichert. Dank der robusten Verarbeitung und der Verwendung hochwertiger Materialien halten unsere Zurrgurte auch hohen Belastungen dauerhaft stand.<\/p>\n<h4><strong>Spanngurte mit Haken und Spanngurte ohne Ratsche \u2013 flexibel und effizient sichern<\/strong><\/h4>\n<p>F\u00fcr besondere Anforderungen bieten wir Ihnen zudem Spanngurte mit Haken, auch Zurrgurte mit Haken genannt, die sich schnell und sicher an unterschiedlichen Befestigungspunkten einh\u00e4ngen lassen. So sind diese Varianten besonders praktisch beim Coiltransport, bei der Sicherung von Baumaschinen, Paletten oder sperrigem Transportgut. Durch die Kombination aus stabilen Haken und flexibler L\u00e4nge lassen sich diese Zurrgurte mit Haken einfach und effizient einsetzen \u2013 f\u00fcr eine zuverl\u00e4ssige LKW Ladungssicherung und Anh\u00e4nger Ladungssicherung.<\/p>\n<p>Ebenso f\u00fchren wir hochwertige <strong><a href=\"https:\/\/57spanngurte.de\/produkt\/losende-50mm-breit\/\">Spanngurte ohne Ratsche<\/a><\/strong> oder auch als Zurrgurte ohne Ratsche bezeichnet, die sich ideal f\u00fcr leichtere Lasten, empfindliche Oberfl\u00e4chen oder Anwendungen eignen, bei denen eine schnelle und schonende Sicherung gefragt ist. Diese Spanngurte mit Haken lassen sich unkompliziert anbringen und bieten maximale Flexibilit\u00e4t, ohne dabei auf Sicherheit zu verzichten. LKW Spanngurte &amp; Zurrgurte f\u00fcr Anh\u00e4nger \u2013 starke L\u00f6sungen f\u00fcr gro\u00dfe Aufgaben.<\/p>\n<p>Im Schwerlastbereich ist eine professionelle Ladungssicherung f\u00fcr LKW unerl\u00e4sslich. Unsere LKW Spanngurte entsprechen den gesetzlichen Vorschriften und bieten Ihnen maximale Sicherheit auf langen Strecken. Ob mit Druckratsche, Langhebel oder ein Spanngurt mit Haken \u2013 bei uns finden Sie das passende Equipment f\u00fcr jede Branche.<\/p>\n<p>Auch f\u00fcr das Stichwort Ladungssicherung Anh\u00e4nger bieten wir eine gro\u00dfe Auswahl an <strong><a href=\"https:\/\/57spanngurte.de\/produkt\/spanngurt-2-teilig-2500-5000-dan-50mm-breit-mit-spitzhaken-und-standard-druckratsche\/\">Zurrgurten mit Ratsche<\/a><\/strong>, Spanngurten mit Haken und Sonderl\u00f6sungen. Ganz gleich, ob Spedition oder aber ein Handwerksunternehmen.<\/p>\n<h4><strong>Ihre Vorteile bei uns:<\/strong><\/h4>\n<ul>\n<li>Gro\u00dfe Auswahl: Zurrgurte kaufen in verschiedenen L\u00e4ngen, Breiten und St\u00e4rken<\/li>\n<li>Verschiedene Ausf\u00fchrungen: Spanngurt mit Ratsche, Zurrgurt ohne Ratsche, Spanngurt Haken, u.v.m.<\/li>\n<li>F\u00fcr jeden Einsatzbereich: LKW Spanngurte, Spanngurte f\u00fcr Anh\u00e4nger, Transporter und mehr<\/li>\n<li>Hochwertige Qualit\u00e4t, gepr\u00fcfte Sicherheit und langlebige Materialien<\/li>\n<\/ul>\n<p>Jetzt Spanngurte kaufen \u2013 f\u00fcr eine bessere Ladungssicherung und Sicherheit<\/p>\n<p>Ob Sie Ratschengurte oder einen Spanngurt mit Haken ben\u00f6tigen \u2013 bei uns finden Sie alles f\u00fcr die professionelle Ladungssicherung. Vertrauen Sie auf gepr\u00fcfte Qualit\u00e4t, ein faires Preis-Leistungs-Verh\u00e4ltnis und einen zuverl\u00e4ssigen Service.<\/p>\n<p>Jetzt Spanngurte kaufen und sicher ans Ziel kommen \u2013 mit 57Spanngurte.de<\/p>\n","protected":false},"excerpt":{"rendered":"<p>Die Farbe kann vom Produktbild abweichen.<\/p>\n","protected":false},"featured_media":6410,"comment_status":"closed","ping_status":"closed","template":"","meta":{"_monsterinsights_skip_tracking":false,"_monsterinsights_sitenote_active":false,"_monsterinsights_sitenote_note":"","_monsterinsights_sitenote_category":0},"product_brand":[],"product_cat":[129],"product_tag":[],"class_list":{"0":"post-5252","1":"product","2":"type-product","3":"status-publish","4":"has-post-thumbnail","6":"product_cat-spanngurte","8":"first","9":"instock","10":"taxable","11":"shipping-taxable","12":"purchasable","13":"product-type-variable","14":"has-default-attributes"},"yoast_head":"<!-- This site is optimized with the Yoast SEO plugin v27.2 - https:\/\/yoast.com\/product\/yoast-seo-wordpress\/ -->\n<title>Spanngurt Losende 5000\/10000 daN 75mm breit mit Spitzhaken, Spanngurt Haken - 57Spanngurte<\/title>\n<meta name=\"description\" content=\"Zur idealen Ladungssicherung bieten wir Ihnen in unserem Shop Spanngurte mit Haken in vielen unterschiedlichen Ausf\u00fchrungen und L\u00e4ngen an.\" \/>\n<meta name=\"robots\" content=\"index, follow, max-snippet:-1, max-image-preview:large, max-video-preview:-1\" \/>\n<link rel=\"canonical\" href=\"https:\/\/57spanngurte.de\/produkt\/spanngurt-2-teilig-5000-10000-dan-75mm-breit-mit-spitzhaken\/\" \/>\n<meta property=\"og:locale\" content=\"en_US\" \/>\n<meta property=\"og:type\" content=\"article\" \/>\n<meta property=\"og:title\" content=\"Spanngurt Losende 5000\/10000 daN 75mm breit mit Spitzhaken, Spanngurt Haken - 57Spanngurte\" \/>\n<meta property=\"og:description\" content=\"Zur idealen Ladungssicherung bieten wir Ihnen in unserem Shop Spanngurte mit Haken in vielen unterschiedlichen Ausf\u00fchrungen und L\u00e4ngen an.\" \/>\n<meta property=\"og:url\" content=\"https:\/\/57spanngurte.de\/produkt\/spanngurt-2-teilig-5000-10000-dan-75mm-breit-mit-spitzhaken\/\" \/>\n<meta property=\"og:site_name\" content=\"57Spanngurte\" \/>\n<meta property=\"article:modified_time\" content=\"2025-12-23T06:41:44+00:00\" \/>\n<meta property=\"og:image\" content=\"https:\/\/57spanngurte.de\/wp-content\/uploads\/2022\/10\/Image-9.jpg\" \/>\n\t<meta property=\"og:image:width\" content=\"800\" \/>\n\t<meta property=\"og:image:height\" content=\"800\" \/>\n\t<meta property=\"og:image:type\" content=\"image\/jpeg\" \/>\n<meta name=\"twitter:card\" content=\"summary_large_image\" \/>\n<meta name=\"twitter:label1\" content=\"Est. reading time\" \/>\n\t<meta name=\"twitter:data1\" content=\"3 minutes\" \/>\n<script type=\"application\/ld+json\" class=\"yoast-schema-graph\">{\"@context\":\"https:\/\/schema.org\",\"@graph\":[{\"@type\":\"WebPage\",\"@id\":\"https:\/\/57spanngurte.de\/produkt\/spanngurt-2-teilig-5000-10000-dan-75mm-breit-mit-spitzhaken\/\",\"url\":\"https:\/\/57spanngurte.de\/produkt\/spanngurt-2-teilig-5000-10000-dan-75mm-breit-mit-spitzhaken\/\",\"name\":\"Spanngurt Losende 5000\/10000 daN 75mm breit mit Spitzhaken, Spanngurt Haken - 57Spanngurte\",\"isPartOf\":{\"@id\":\"https:\/\/57spanngurte.de\/#website\"},\"primaryImageOfPage\":{\"@id\":\"https:\/\/57spanngurte.de\/produkt\/spanngurt-2-teilig-5000-10000-dan-75mm-breit-mit-spitzhaken\/#primaryimage\"},\"image\":{\"@id\":\"https:\/\/57spanngurte.de\/produkt\/spanngurt-2-teilig-5000-10000-dan-75mm-breit-mit-spitzhaken\/#primaryimage\"},\"thumbnailUrl\":\"https:\/\/57spanngurte.de\/wp-content\/uploads\/2022\/10\/Image-9.jpg\",\"datePublished\":\"2022-10-10T15:17:54+00:00\",\"dateModified\":\"2025-12-23T06:41:44+00:00\",\"description\":\"Zur idealen Ladungssicherung bieten wir Ihnen in unserem Shop Spanngurte mit Haken in vielen unterschiedlichen Ausf\u00fchrungen und L\u00e4ngen an.\",\"breadcrumb\":{\"@id\":\"https:\/\/57spanngurte.de\/produkt\/spanngurt-2-teilig-5000-10000-dan-75mm-breit-mit-spitzhaken\/#breadcrumb\"},\"inLanguage\":\"en-US\",\"potentialAction\":[{\"@type\":\"ReadAction\",\"target\":[\"https:\/\/57spanngurte.de\/produkt\/spanngurt-2-teilig-5000-10000-dan-75mm-breit-mit-spitzhaken\/\"]}]},{\"@type\":\"ImageObject\",\"inLanguage\":\"en-US\",\"@id\":\"https:\/\/57spanngurte.de\/produkt\/spanngurt-2-teilig-5000-10000-dan-75mm-breit-mit-spitzhaken\/#primaryimage\",\"url\":\"https:\/\/57spanngurte.de\/wp-content\/uploads\/2022\/10\/Image-9.jpg\",\"contentUrl\":\"https:\/\/57spanngurte.de\/wp-content\/uploads\/2022\/10\/Image-9.jpg\",\"width\":800,\"height\":800,\"caption\":\"Spanngurt Losende 5000\/10000 daN 75mm breit mit Spitzhaken\"},{\"@type\":\"BreadcrumbList\",\"@id\":\"https:\/\/57spanngurte.de\/produkt\/spanngurt-2-teilig-5000-10000-dan-75mm-breit-mit-spitzhaken\/#breadcrumb\",\"itemListElement\":[{\"@type\":\"ListItem\",\"position\":1,\"name\":\"Startseite\",\"item\":\"https:\/\/57spanngurte.de\/\"},{\"@type\":\"ListItem\",\"position\":2,\"name\":\"Produkte\",\"item\":\"https:\/\/57spanngurte.de\/shop\/\"},{\"@type\":\"ListItem\",\"position\":3,\"name\":\"Spanngurt Losende 5000\/10000 daN 75mm breit mit Spitzhaken, Spanngurt Haken\"}]},{\"@type\":\"WebSite\",\"@id\":\"https:\/\/57spanngurte.de\/#website\",\"url\":\"https:\/\/57spanngurte.de\/\",\"name\":\"57Spanngurte\",\"description\":\"Spanngurte kaufen\",\"publisher\":{\"@id\":\"https:\/\/57spanngurte.de\/#organization\"},\"potentialAction\":[{\"@type\":\"SearchAction\",\"target\":{\"@type\":\"EntryPoint\",\"urlTemplate\":\"https:\/\/57spanngurte.de\/?s={search_term_string}\"},\"query-input\":{\"@type\":\"PropertyValueSpecification\",\"valueRequired\":true,\"valueName\":\"search_term_string\"}}],\"inLanguage\":\"en-US\"},{\"@type\":\"Organization\",\"@id\":\"https:\/\/57spanngurte.de\/#organization\",\"name\":\"57Spanngurte\",\"url\":\"https:\/\/57spanngurte.de\/\",\"logo\":{\"@type\":\"ImageObject\",\"inLanguage\":\"en-US\",\"@id\":\"https:\/\/57spanngurte.de\/#\/schema\/logo\/image\/\",\"url\":\"https:\/\/57spanngurte.de\/wp-content\/uploads\/2022\/10\/57_Spanngurte-01.png\",\"contentUrl\":\"https:\/\/57spanngurte.de\/wp-content\/uploads\/2022\/10\/57_Spanngurte-01.png\",\"width\":731,\"height\":151,\"caption\":\"57Spanngurte\"},\"image\":{\"@id\":\"https:\/\/57spanngurte.de\/#\/schema\/logo\/image\/\"}}]}<\/script>\n<!-- \/ Yoast SEO plugin. -->","yoast_head_json":{"title":"Spanngurt Losende 5000\/10000 daN 75mm breit mit Spitzhaken, Spanngurt Haken - 57Spanngurte","description":"Zur idealen Ladungssicherung bieten wir Ihnen in unserem Shop Spanngurte mit Haken in vielen unterschiedlichen Ausf\u00fchrungen und L\u00e4ngen an.","robots":{"index":"index","follow":"follow","max-snippet":"max-snippet:-1","max-image-preview":"max-image-preview:large","max-video-preview":"max-video-preview:-1"},"canonical":"https:\/\/57spanngurte.de\/produkt\/spanngurt-2-teilig-5000-10000-dan-75mm-breit-mit-spitzhaken\/","og_locale":"en_US","og_type":"article","og_title":"Spanngurt Losende 5000\/10000 daN 75mm breit mit Spitzhaken, Spanngurt Haken - 57Spanngurte","og_description":"Zur idealen Ladungssicherung bieten wir Ihnen in unserem Shop Spanngurte mit Haken in vielen unterschiedlichen Ausf\u00fchrungen und L\u00e4ngen an.","og_url":"https:\/\/57spanngurte.de\/produkt\/spanngurt-2-teilig-5000-10000-dan-75mm-breit-mit-spitzhaken\/","og_site_name":"57Spanngurte","article_modified_time":"2025-12-23T06:41:44+00:00","og_image":[{"width":800,"height":800,"url":"https:\/\/57spanngurte.de\/wp-content\/uploads\/2022\/10\/Image-9.jpg","type":"image\/jpeg"}],"twitter_card":"summary_large_image","twitter_misc":{"Est. reading time":"3 minutes"},"schema":{"@context":"https:\/\/schema.org","@graph":[{"@type":"WebPage","@id":"https:\/\/57spanngurte.de\/produkt\/spanngurt-2-teilig-5000-10000-dan-75mm-breit-mit-spitzhaken\/","url":"https:\/\/57spanngurte.de\/produkt\/spanngurt-2-teilig-5000-10000-dan-75mm-breit-mit-spitzhaken\/","name":"Spanngurt Losende 5000\/10000 daN 75mm breit mit Spitzhaken, Spanngurt Haken - 57Spanngurte","isPartOf":{"@id":"https:\/\/57spanngurte.de\/#website"},"primaryImageOfPage":{"@id":"https:\/\/57spanngurte.de\/produkt\/spanngurt-2-teilig-5000-10000-dan-75mm-breit-mit-spitzhaken\/#primaryimage"},"image":{"@id":"https:\/\/57spanngurte.de\/produkt\/spanngurt-2-teilig-5000-10000-dan-75mm-breit-mit-spitzhaken\/#primaryimage"},"thumbnailUrl":"https:\/\/57spanngurte.de\/wp-content\/uploads\/2022\/10\/Image-9.jpg","datePublished":"2022-10-10T15:17:54+00:00","dateModified":"2025-12-23T06:41:44+00:00","description":"Zur idealen Ladungssicherung bieten wir Ihnen in unserem Shop Spanngurte mit Haken in vielen unterschiedlichen Ausf\u00fchrungen und L\u00e4ngen an.","breadcrumb":{"@id":"https:\/\/57spanngurte.de\/produkt\/spanngurt-2-teilig-5000-10000-dan-75mm-breit-mit-spitzhaken\/#breadcrumb"},"inLanguage":"en-US","potentialAction":[{"@type":"ReadAction","target":["https:\/\/57spanngurte.de\/produkt\/spanngurt-2-teilig-5000-10000-dan-75mm-breit-mit-spitzhaken\/"]}]},{"@type":"ImageObject","inLanguage":"en-US","@id":"https:\/\/57spanngurte.de\/produkt\/spanngurt-2-teilig-5000-10000-dan-75mm-breit-mit-spitzhaken\/#primaryimage","url":"https:\/\/57spanngurte.de\/wp-content\/uploads\/2022\/10\/Image-9.jpg","contentUrl":"https:\/\/57spanngurte.de\/wp-content\/uploads\/2022\/10\/Image-9.jpg","width":800,"height":800,"caption":"Spanngurt Losende 5000\/10000 daN 75mm breit mit Spitzhaken"},{"@type":"BreadcrumbList","@id":"https:\/\/57spanngurte.de\/produkt\/spanngurt-2-teilig-5000-10000-dan-75mm-breit-mit-spitzhaken\/#breadcrumb","itemListElement":[{"@type":"ListItem","position":1,"name":"Startseite","item":"https:\/\/57spanngurte.de\/"},{"@type":"ListItem","position":2,"name":"Produkte","item":"https:\/\/57spanngurte.de\/shop\/"},{"@type":"ListItem","position":3,"name":"Spanngurt Losende 5000\/10000 daN 75mm breit mit Spitzhaken, Spanngurt Haken"}]},{"@type":"WebSite","@id":"https:\/\/57spanngurte.de\/#website","url":"https:\/\/57spanngurte.de\/","name":"57Spanngurte","description":"Spanngurte kaufen","publisher":{"@id":"https:\/\/57spanngurte.de\/#organization"},"potentialAction":[{"@type":"SearchAction","target":{"@type":"EntryPoint","urlTemplate":"https:\/\/57spanngurte.de\/?s={search_term_string}"},"query-input":{"@type":"PropertyValueSpecification","valueRequired":true,"valueName":"search_term_string"}}],"inLanguage":"en-US"},{"@type":"Organization","@id":"https:\/\/57spanngurte.de\/#organization","name":"57Spanngurte","url":"https:\/\/57spanngurte.de\/","logo":{"@type":"ImageObject","inLanguage":"en-US","@id":"https:\/\/57spanngurte.de\/#\/schema\/logo\/image\/","url":"https:\/\/57spanngurte.de\/wp-content\/uploads\/2022\/10\/57_Spanngurte-01.png","contentUrl":"https:\/\/57spanngurte.de\/wp-content\/uploads\/2022\/10\/57_Spanngurte-01.png","width":731,"height":151,"caption":"57Spanngurte"},"image":{"@id":"https:\/\/57spanngurte.de\/#\/schema\/logo\/image\/"}}]}},"tiered_pricing_type":"fixed","tiered_pricing_fixed_rules":{"9":36.89999999999999857891452847979962825775146484375,"17":34.89999999999999857891452847979962825775146484375,"25":32.89999999999999857891452847979962825775146484375,"33":31.89999999999999857891452847979962825775146484375,"41":30.89999999999999857891452847979962825775146484375},"tiered_pricing_product_settings":{"layout":"default","base_unit_name":{"singular":null,"plural":null},"default_variation":null},"tiered_pricing_minimum_quantity":null,"tiered_pricing_roles_data":[],"tiered_pricing_percentage_rules":[],"tiered_pricing_maximum_quantity":null,"tiered_pricing_quantity_step":null,"_links":{"self":[{"href":"https:\/\/57spanngurte.de\/en\/wp-json\/wp\/v2\/product\/5252","targetHints":{"allow":["GET"]}}],"collection":[{"href":"https:\/\/57spanngurte.de\/en\/wp-json\/wp\/v2\/product"}],"about":[{"href":"https:\/\/57spanngurte.de\/en\/wp-json\/wp\/v2\/types\/product"}],"replies":[{"embeddable":true,"href":"https:\/\/57spanngurte.de\/en\/wp-json\/wp\/v2\/comments?post=5252"}],"wp:featuredmedia":[{"embeddable":true,"href":"https:\/\/57spanngurte.de\/en\/wp-json\/wp\/v2\/media\/6410"}],"wp:attachment":[{"href":"https:\/\/57spanngurte.de\/en\/wp-json\/wp\/v2\/media?parent=5252"}],"wp:term":[{"taxonomy":"product_brand","embeddable":true,"href":"https:\/\/57spanngurte.de\/en\/wp-json\/wp\/v2\/product_brand?post=5252"},{"taxonomy":"product_cat","embeddable":true,"href":"https:\/\/57spanngurte.de\/en\/wp-json\/wp\/v2\/product_cat?post=5252"},{"taxonomy":"product_tag","embeddable":true,"href":"https:\/\/57spanngurte.de\/en\/wp-json\/wp\/v2\/product_tag?post=5252"}],"curies":[{"name":"wp","href":"https:\/\/api.w.org\/{rel}","templated":true}]}}