{"id":5262,"date":"2022-10-10T15:26:19","date_gmt":"2022-10-10T15:26:19","guid":{"rendered":"https:\/\/57spanngurte.de\/?post_type=product&#038;p=5262"},"modified":"2024-04-10T21:50:57","modified_gmt":"2024-04-10T19:50:57","slug":"zurrkette-2-teilig-gk8-g80-2","status":"publish","type":"product","link":"https:\/\/57spanngurte.de\/en\/produkt\/zurrkette-2-teilig-gk8-g80-2\/","title":{"rendered":"Zurrkette 2-teilig | 6.300 daN | 10mm | GK8 \/ G80"},"content":{"rendered":"","protected":false},"excerpt":{"rendered":"<p>Vom Umtausch ausgeschlossen, da Sonderanfertigung!<br \/>\nWeitere Ausf\u00fchrungen oder gr\u00f6\u00dfere St\u00fcckzahlen auf\u00a0<a href=\"https:\/\/57spanngurte.de\/kontakt\/\">Anfrage<\/a><\/p>\n<p>Die Farbe kann vom Produktbild abweichen.<\/p>\n","protected":false},"featured_media":0,"comment_status":"closed","ping_status":"closed","template":"","meta":{"_monsterinsights_skip_tracking":false,"_monsterinsights_sitenote_active":false,"_monsterinsights_sitenote_note":"","_monsterinsights_sitenote_category":0},"product_brand":[],"product_cat":[128],"product_tag":[],"class_list":{"0":"post-5262","1":"product","2":"type-product","3":"status-publish","5":"product_cat-zurrketten","7":"first","8":"instock","9":"taxable","10":"shipping-taxable","11":"purchasable","12":"product-type-variable","13":"has-default-attributes"},"yoast_head":"<!-- This site is optimized with the Yoast SEO plugin v27.5 - https:\/\/yoast.com\/product\/yoast-seo-wordpress\/ -->\n<title>Zurrkette 2-teilig | 6.300 daN | 10mm | GK8 \/ G80 - 57Spanngurte<\/title>\n<meta name=\"description\" content=\"Wir bieten Zurrketten in vielen unterschiedlichen Ausf\u00fchrungen an. Bitte kontaktieren Sie uns, falls Sie in unserem Shop nicht f\u00fcndig werden.\" \/>\n<meta name=\"robots\" content=\"index, follow, max-snippet:-1, max-image-preview:large, max-video-preview:-1\" \/>\n<link rel=\"canonical\" href=\"https:\/\/57spanngurte.de\/produkt\/zurrkette-2-teilig-gk8-g80-2\/\" \/>\n<meta property=\"og:locale\" content=\"en_US\" \/>\n<meta property=\"og:type\" content=\"article\" \/>\n<meta property=\"og:title\" content=\"Zurrkette 2-teilig | 6.300 daN | 10mm | GK8 \/ G80 - 57Spanngurte\" \/>\n<meta property=\"og:description\" content=\"Wir bieten Zurrketten in vielen unterschiedlichen Ausf\u00fchrungen an. Bitte kontaktieren Sie uns, falls Sie in unserem Shop nicht f\u00fcndig werden.\" \/>\n<meta property=\"og:url\" content=\"https:\/\/57spanngurte.de\/produkt\/zurrkette-2-teilig-gk8-g80-2\/\" \/>\n<meta property=\"og:site_name\" content=\"57Spanngurte\" \/>\n<meta property=\"article:modified_time\" content=\"2024-04-10T19:50:57+00:00\" \/>\n<meta name=\"twitter:card\" content=\"summary_large_image\" \/>\n<script type=\"application\/ld+json\" class=\"yoast-schema-graph\">{\"@context\":\"https:\\\/\\\/schema.org\",\"@graph\":[{\"@type\":\"WebPage\",\"@id\":\"https:\\\/\\\/57spanngurte.de\\\/produkt\\\/zurrkette-2-teilig-gk8-g80-2\\\/\",\"url\":\"https:\\\/\\\/57spanngurte.de\\\/produkt\\\/zurrkette-2-teilig-gk8-g80-2\\\/\",\"name\":\"Zurrkette 2-teilig | 6.300 daN | 10mm | GK8 \\\/ G80 - 57Spanngurte\",\"isPartOf\":{\"@id\":\"https:\\\/\\\/57spanngurte.de\\\/#website\"},\"datePublished\":\"2022-10-10T15:26:19+00:00\",\"dateModified\":\"2024-04-10T19:50:57+00:00\",\"description\":\"Wir bieten Zurrketten in vielen unterschiedlichen Ausf\u00fchrungen an. Bitte kontaktieren Sie uns, falls Sie in unserem Shop nicht f\u00fcndig werden.\",\"breadcrumb\":{\"@id\":\"https:\\\/\\\/57spanngurte.de\\\/produkt\\\/zurrkette-2-teilig-gk8-g80-2\\\/#breadcrumb\"},\"inLanguage\":\"en-US\",\"potentialAction\":[{\"@type\":\"ReadAction\",\"target\":[\"https:\\\/\\\/57spanngurte.de\\\/produkt\\\/zurrkette-2-teilig-gk8-g80-2\\\/\"]}]},{\"@type\":\"BreadcrumbList\",\"@id\":\"https:\\\/\\\/57spanngurte.de\\\/produkt\\\/zurrkette-2-teilig-gk8-g80-2\\\/#breadcrumb\",\"itemListElement\":[{\"@type\":\"ListItem\",\"position\":1,\"name\":\"Startseite\",\"item\":\"https:\\\/\\\/57spanngurte.de\\\/\"},{\"@type\":\"ListItem\",\"position\":2,\"name\":\"Produkte\",\"item\":\"https:\\\/\\\/57spanngurte.de\\\/shop\\\/\"},{\"@type\":\"ListItem\",\"position\":3,\"name\":\"Zurrkette 2-teilig | 6.300 daN | 10mm | GK8 \\\/ G80\"}]},{\"@type\":\"WebSite\",\"@id\":\"https:\\\/\\\/57spanngurte.de\\\/#website\",\"url\":\"https:\\\/\\\/57spanngurte.de\\\/\",\"name\":\"57Spanngurte\",\"description\":\"Spanngurte kaufen\",\"publisher\":{\"@id\":\"https:\\\/\\\/57spanngurte.de\\\/#organization\"},\"potentialAction\":[{\"@type\":\"SearchAction\",\"target\":{\"@type\":\"EntryPoint\",\"urlTemplate\":\"https:\\\/\\\/57spanngurte.de\\\/?s={search_term_string}\"},\"query-input\":{\"@type\":\"PropertyValueSpecification\",\"valueRequired\":true,\"valueName\":\"search_term_string\"}}],\"inLanguage\":\"en-US\"},{\"@type\":\"Organization\",\"@id\":\"https:\\\/\\\/57spanngurte.de\\\/#organization\",\"name\":\"57Spanngurte\",\"url\":\"https:\\\/\\\/57spanngurte.de\\\/\",\"logo\":{\"@type\":\"ImageObject\",\"inLanguage\":\"en-US\",\"@id\":\"https:\\\/\\\/57spanngurte.de\\\/#\\\/schema\\\/logo\\\/image\\\/\",\"url\":\"https:\\\/\\\/57spanngurte.de\\\/wp-content\\\/uploads\\\/2022\\\/10\\\/57_Spanngurte-01.png\",\"contentUrl\":\"https:\\\/\\\/57spanngurte.de\\\/wp-content\\\/uploads\\\/2022\\\/10\\\/57_Spanngurte-01.png\",\"width\":731,\"height\":151,\"caption\":\"57Spanngurte\"},\"image\":{\"@id\":\"https:\\\/\\\/57spanngurte.de\\\/#\\\/schema\\\/logo\\\/image\\\/\"}}]}<\/script>\n<!-- \/ Yoast SEO plugin. -->","yoast_head_json":{"title":"Zurrkette 2-teilig | 6.300 daN | 10mm | GK8 \/ G80 - 57Spanngurte","description":"Wir bieten Zurrketten in vielen unterschiedlichen Ausf\u00fchrungen an. Bitte kontaktieren Sie uns, falls Sie in unserem Shop nicht f\u00fcndig werden.","robots":{"index":"index","follow":"follow","max-snippet":"max-snippet:-1","max-image-preview":"max-image-preview:large","max-video-preview":"max-video-preview:-1"},"canonical":"https:\/\/57spanngurte.de\/produkt\/zurrkette-2-teilig-gk8-g80-2\/","og_locale":"en_US","og_type":"article","og_title":"Zurrkette 2-teilig | 6.300 daN | 10mm | GK8 \/ G80 - 57Spanngurte","og_description":"Wir bieten Zurrketten in vielen unterschiedlichen Ausf\u00fchrungen an. Bitte kontaktieren Sie uns, falls Sie in unserem Shop nicht f\u00fcndig werden.","og_url":"https:\/\/57spanngurte.de\/produkt\/zurrkette-2-teilig-gk8-g80-2\/","og_site_name":"57Spanngurte","article_modified_time":"2024-04-10T19:50:57+00:00","twitter_card":"summary_large_image","schema":{"@context":"https:\/\/schema.org","@graph":[{"@type":"WebPage","@id":"https:\/\/57spanngurte.de\/produkt\/zurrkette-2-teilig-gk8-g80-2\/","url":"https:\/\/57spanngurte.de\/produkt\/zurrkette-2-teilig-gk8-g80-2\/","name":"Zurrkette 2-teilig | 6.300 daN | 10mm | GK8 \/ G80 - 57Spanngurte","isPartOf":{"@id":"https:\/\/57spanngurte.de\/#website"},"datePublished":"2022-10-10T15:26:19+00:00","dateModified":"2024-04-10T19:50:57+00:00","description":"Wir bieten Zurrketten in vielen unterschiedlichen Ausf\u00fchrungen an. Bitte kontaktieren Sie uns, falls Sie in unserem Shop nicht f\u00fcndig werden.","breadcrumb":{"@id":"https:\/\/57spanngurte.de\/produkt\/zurrkette-2-teilig-gk8-g80-2\/#breadcrumb"},"inLanguage":"en-US","potentialAction":[{"@type":"ReadAction","target":["https:\/\/57spanngurte.de\/produkt\/zurrkette-2-teilig-gk8-g80-2\/"]}]},{"@type":"BreadcrumbList","@id":"https:\/\/57spanngurte.de\/produkt\/zurrkette-2-teilig-gk8-g80-2\/#breadcrumb","itemListElement":[{"@type":"ListItem","position":1,"name":"Startseite","item":"https:\/\/57spanngurte.de\/"},{"@type":"ListItem","position":2,"name":"Produkte","item":"https:\/\/57spanngurte.de\/shop\/"},{"@type":"ListItem","position":3,"name":"Zurrkette 2-teilig | 6.300 daN | 10mm | GK8 \/ G80"}]},{"@type":"WebSite","@id":"https:\/\/57spanngurte.de\/#website","url":"https:\/\/57spanngurte.de\/","name":"57Spanngurte","description":"Spanngurte kaufen","publisher":{"@id":"https:\/\/57spanngurte.de\/#organization"},"potentialAction":[{"@type":"SearchAction","target":{"@type":"EntryPoint","urlTemplate":"https:\/\/57spanngurte.de\/?s={search_term_string}"},"query-input":{"@type":"PropertyValueSpecification","valueRequired":true,"valueName":"search_term_string"}}],"inLanguage":"en-US"},{"@type":"Organization","@id":"https:\/\/57spanngurte.de\/#organization","name":"57Spanngurte","url":"https:\/\/57spanngurte.de\/","logo":{"@type":"ImageObject","inLanguage":"en-US","@id":"https:\/\/57spanngurte.de\/#\/schema\/logo\/image\/","url":"https:\/\/57spanngurte.de\/wp-content\/uploads\/2022\/10\/57_Spanngurte-01.png","contentUrl":"https:\/\/57spanngurte.de\/wp-content\/uploads\/2022\/10\/57_Spanngurte-01.png","width":731,"height":151,"caption":"57Spanngurte"},"image":{"@id":"https:\/\/57spanngurte.de\/#\/schema\/logo\/image\/"}}]}},"tiered_pricing_type":"fixed","tiered_pricing_fixed_rules":[],"tiered_pricing_product_settings":{"layout":"default","base_unit_name":{"singular":null,"plural":null},"default_variation":null},"tiered_pricing_minimum_quantity":null,"tiered_pricing_roles_data":[],"tiered_pricing_percentage_rules":[],"tiered_pricing_maximum_quantity":null,"tiered_pricing_quantity_step":null,"_links":{"self":[{"href":"https:\/\/57spanngurte.de\/en\/wp-json\/wp\/v2\/product\/5262","targetHints":{"allow":["GET"]}}],"collection":[{"href":"https:\/\/57spanngurte.de\/en\/wp-json\/wp\/v2\/product"}],"about":[{"href":"https:\/\/57spanngurte.de\/en\/wp-json\/wp\/v2\/types\/product"}],"replies":[{"embeddable":true,"href":"https:\/\/57spanngurte.de\/en\/wp-json\/wp\/v2\/comments?post=5262"}],"wp:attachment":[{"href":"https:\/\/57spanngurte.de\/en\/wp-json\/wp\/v2\/media?parent=5262"}],"wp:term":[{"taxonomy":"product_brand","embeddable":true,"href":"https:\/\/57spanngurte.de\/en\/wp-json\/wp\/v2\/product_brand?post=5262"},{"taxonomy":"product_cat","embeddable":true,"href":"https:\/\/57spanngurte.de\/en\/wp-json\/wp\/v2\/product_cat?post=5262"},{"taxonomy":"product_tag","embeddable":true,"href":"https:\/\/57spanngurte.de\/en\/wp-json\/wp\/v2\/product_tag?post=5262"}],"curies":[{"name":"wp","href":"https:\/\/api.w.org\/{rel}","templated":true}]}}