{"id":5263,"date":"2022-10-10T15:27:22","date_gmt":"2022-10-10T15:27:22","guid":{"rendered":"https:\/\/57spanngurte.de\/?post_type=product&#038;p=5263"},"modified":"2025-06-10T14:20:44","modified_gmt":"2025-06-10T12:20:44","slug":"zurrkette-2-teilig-gk8-g80-3","status":"publish","type":"product","link":"https:\/\/57spanngurte.de\/en\/produkt\/zurrkette-2-teilig-gk8-g80-3\/","title":{"rendered":"Zurrkette 2-teilig | 10.600 daN | 13mm | GK8 \/ G80"},"content":{"rendered":"<p><strong>Zurrkette f\u00fcr Ladungssicherung \u2013 stark, sicher und normgerecht<\/strong><\/p>\n<p>Wenn es um schwere Lasten und h\u00f6chste Sicherheitsanforderungen geht, ist die Zurrkette das Mittel der Wahl. Ob Zurrketten f\u00fcr Tieflader, LKWs oder bei Baumaschinentransporten \u2013 mit den passenden Sicherungsketten von 57Spanngurte.de sichern Sie Ihre Fracht zuverl\u00e4ssig. Unsere zweiteiligen Spannketten mit Ratschenspanner in G\u00fcteklasse 8 (G80) sorgen f\u00fcr maximale Sicherheit<\/p>\n<p><strong>Was ist eine Zurrkette?<\/strong><br \/>\nEine Zurrkette \u2013 auch als Spannkette bezeichnet \u2013 ist ein massives Sicherungssystem aus Stahl zur kraftschl\u00fcssigen Ladungssicherung. Sie besteht aus einem Kettenstrang mit Endbeschl\u00e4gen sowie einem separaten Spannelement, meist einem so genannten Ratschenlastspanner. Diese Bauweise bietet maximale Flexibilit\u00e4t und erlaubt ein sicheres, pr\u00e4zises Spannen auch unter anspruchsvollen Bedingungen.<\/p>\n<p><strong>Ladungssicherung Zurrketten \u2013 Zweiteilig f\u00fcr mehr Flexibilit\u00e4t und Sicherheit<\/strong><br \/>\nUnsere zweiteilige Zurrkette besteht aus einem Kettenstrang mit Gabelkopfhaken und Sicherungsklappe sowie einem separat ansetzbaren Ratschenlastspanner mit Verk\u00fcrzungshaken und Sicherungsstift. So lassen sich die Kettenl\u00e4ngen flexibel anpassen und die Spannkraft exakt dosieren. Zus\u00e4tzlich ist jede Spannkette mit einer Zurrkraft- und Pr\u00fcfplakette versehen.<\/p>\n<p><strong>Zurrketten f\u00fcr Tieflader und mehr \u2013 die passende St\u00e4rke f\u00fcr jeden Einsatz<\/strong><br \/>\nJe nach Transportanforderung erhalten Sie bei uns Zurrketten in verschiedenen St\u00e4rken:<\/p>\n<ul>\n<li>Zurrkette 8mm<\/li>\n<li>Zurrkette 10mm<\/li>\n<li>Zurrkette 13mm<\/li>\n<\/ul>\n<p><strong>Ihre Vorteile mit Sicherungsketten von 57Spanngurte.de<\/strong><\/p>\n<ul>\n<li>Hochfeste Qualit\u00e4t \u2013 G\u00fcteklasse 8 (G80)<\/li>\n<li>beseitig mit Gabelkopfhaken und Sicherungsklappe<\/li>\n<li>\u00a0Ratschenlastspanner: beidseitig mit Verk\u00fcrzungshaken mit Sicherungsstift\u00a0 \u00a0 \u00a0 \u00a0 \u00a0 \u00a0 \u00a0&#8216;<\/li>\n<li>Erf\u00fcllt alle gesetzlichen Vorschriften zur Ladungssicherung mit Zurrketten<\/li>\n<li>Inkl. Zurrkraftplakette und Pr\u00fcfkennzeichnung<\/li>\n<li>In verschiedenen Gr\u00f6\u00dfen: Zurrkette 8mm, Zurrkette 10mm oder Zurrkette 13mm<\/li>\n<li>Ideal f\u00fcr LKW, Tieflader, Industrie- und Baustellentransporte<\/li>\n<\/ul>\n<p>Jetzt hochwertige Zurrketten kaufen und Transporte sicher meistern \u2013 bei 57Spanngurte.de.\u201c<\/p>\n<p>Finden Sie jetzt Ihre passende Spannketten oder <a href=\"https:\/\/57spanngurte.de\/produkt-kategorie\/spanngurte\/\">Spanngurte<\/a> f\u00fcr Ihre Anforderungen bei 57Spanngurte.de. Setzen Sie auf gepr\u00fcfte Qualit\u00e4t, hohe Belastbarkeit und einfache Anwendung f\u00fcr Ihre t\u00e4gliche Transportaufgabe. Sie finden in unserem Shop au\u00dferdem passendes Zubeh\u00f6r, f\u00fcr eine optimale Ladungssicherung ihres Guts.<\/p>\n<p>Sie haben Transportbedarf? Dann melden Sie sich gerne bei <a href=\"http:\/\/mielke-logistik.de\">Mielke Logistik<\/a>.<\/p>\n","protected":false},"excerpt":{"rendered":"<p>Vom Umtausch ausgeschlossen, da Sonderanfertigung!<br \/>\nWeitere Ausf\u00fchrungen oder gr\u00f6\u00dfere St\u00fcckzahlen auf\u00a0<a href=\"https:\/\/57spanngurte.de\/kontakt\/\">Anfrage<\/a><\/p>\n<p>Die Farbe kann vom Produktbild abweichen.<\/p>\n","protected":false},"featured_media":0,"comment_status":"closed","ping_status":"closed","template":"","meta":{"_monsterinsights_skip_tracking":false,"_monsterinsights_sitenote_active":false,"_monsterinsights_sitenote_note":"","_monsterinsights_sitenote_category":0},"product_brand":[],"product_cat":[128],"product_tag":[],"class_list":{"0":"post-5263","1":"product","2":"type-product","3":"status-publish","5":"product_cat-zurrketten","7":"first","8":"instock","9":"taxable","10":"shipping-taxable","11":"purchasable","12":"product-type-variable","13":"has-default-attributes"},"yoast_head":"<!-- This site is optimized with the Yoast SEO plugin v27.5 - https:\/\/yoast.com\/product\/yoast-seo-wordpress\/ -->\n<title>Zurrkette 2-teilig | 10.600 daN | 13mm | GK8 \/ G80 - 57Spanngurte<\/title>\n<meta name=\"description\" content=\"Zurrketten in vielen unterschiedlichen Ausf\u00fchrungen an. Bitte kontaktieren Sie uns, falls Sie in unserem Shop nicht die passende Zurrkette finden.\" \/>\n<meta name=\"robots\" content=\"index, follow, max-snippet:-1, max-image-preview:large, max-video-preview:-1\" \/>\n<link rel=\"canonical\" href=\"https:\/\/57spanngurte.de\/produkt\/zurrkette-2-teilig-gk8-g80-3\/\" \/>\n<meta property=\"og:locale\" content=\"en_US\" \/>\n<meta property=\"og:type\" content=\"article\" \/>\n<meta property=\"og:title\" content=\"Zurrkette 2-teilig | 10.600 daN | 13mm | GK8 \/ G80 - 57Spanngurte\" \/>\n<meta property=\"og:description\" content=\"Zurrketten in vielen unterschiedlichen Ausf\u00fchrungen an. Bitte kontaktieren Sie uns, falls Sie in unserem Shop nicht die passende Zurrkette finden.\" \/>\n<meta property=\"og:url\" content=\"https:\/\/57spanngurte.de\/produkt\/zurrkette-2-teilig-gk8-g80-3\/\" \/>\n<meta property=\"og:site_name\" content=\"57Spanngurte\" \/>\n<meta property=\"article:modified_time\" content=\"2025-06-10T12:20:44+00:00\" \/>\n<meta name=\"twitter:card\" content=\"summary_large_image\" \/>\n<meta name=\"twitter:label1\" content=\"Est. reading time\" \/>\n\t<meta name=\"twitter:data1\" content=\"2 minutes\" \/>\n<script type=\"application\/ld+json\" class=\"yoast-schema-graph\">{\"@context\":\"https:\\\/\\\/schema.org\",\"@graph\":[{\"@type\":\"WebPage\",\"@id\":\"https:\\\/\\\/57spanngurte.de\\\/produkt\\\/zurrkette-2-teilig-gk8-g80-3\\\/\",\"url\":\"https:\\\/\\\/57spanngurte.de\\\/produkt\\\/zurrkette-2-teilig-gk8-g80-3\\\/\",\"name\":\"Zurrkette 2-teilig | 10.600 daN | 13mm | GK8 \\\/ G80 - 57Spanngurte\",\"isPartOf\":{\"@id\":\"https:\\\/\\\/57spanngurte.de\\\/#website\"},\"datePublished\":\"2022-10-10T15:27:22+00:00\",\"dateModified\":\"2025-06-10T12:20:44+00:00\",\"description\":\"Zurrketten in vielen unterschiedlichen Ausf\u00fchrungen an. Bitte kontaktieren Sie uns, falls Sie in unserem Shop nicht die passende Zurrkette finden.\",\"breadcrumb\":{\"@id\":\"https:\\\/\\\/57spanngurte.de\\\/produkt\\\/zurrkette-2-teilig-gk8-g80-3\\\/#breadcrumb\"},\"inLanguage\":\"en-US\",\"potentialAction\":[{\"@type\":\"ReadAction\",\"target\":[\"https:\\\/\\\/57spanngurte.de\\\/produkt\\\/zurrkette-2-teilig-gk8-g80-3\\\/\"]}]},{\"@type\":\"BreadcrumbList\",\"@id\":\"https:\\\/\\\/57spanngurte.de\\\/produkt\\\/zurrkette-2-teilig-gk8-g80-3\\\/#breadcrumb\",\"itemListElement\":[{\"@type\":\"ListItem\",\"position\":1,\"name\":\"Startseite\",\"item\":\"https:\\\/\\\/57spanngurte.de\\\/\"},{\"@type\":\"ListItem\",\"position\":2,\"name\":\"Produkte\",\"item\":\"https:\\\/\\\/57spanngurte.de\\\/shop\\\/\"},{\"@type\":\"ListItem\",\"position\":3,\"name\":\"Zurrkette 2-teilig | 10.600 daN | 13mm | GK8 \\\/ G80\"}]},{\"@type\":\"WebSite\",\"@id\":\"https:\\\/\\\/57spanngurte.de\\\/#website\",\"url\":\"https:\\\/\\\/57spanngurte.de\\\/\",\"name\":\"57Spanngurte\",\"description\":\"Spanngurte kaufen\",\"publisher\":{\"@id\":\"https:\\\/\\\/57spanngurte.de\\\/#organization\"},\"potentialAction\":[{\"@type\":\"SearchAction\",\"target\":{\"@type\":\"EntryPoint\",\"urlTemplate\":\"https:\\\/\\\/57spanngurte.de\\\/?s={search_term_string}\"},\"query-input\":{\"@type\":\"PropertyValueSpecification\",\"valueRequired\":true,\"valueName\":\"search_term_string\"}}],\"inLanguage\":\"en-US\"},{\"@type\":\"Organization\",\"@id\":\"https:\\\/\\\/57spanngurte.de\\\/#organization\",\"name\":\"57Spanngurte\",\"url\":\"https:\\\/\\\/57spanngurte.de\\\/\",\"logo\":{\"@type\":\"ImageObject\",\"inLanguage\":\"en-US\",\"@id\":\"https:\\\/\\\/57spanngurte.de\\\/#\\\/schema\\\/logo\\\/image\\\/\",\"url\":\"https:\\\/\\\/57spanngurte.de\\\/wp-content\\\/uploads\\\/2022\\\/10\\\/57_Spanngurte-01.png\",\"contentUrl\":\"https:\\\/\\\/57spanngurte.de\\\/wp-content\\\/uploads\\\/2022\\\/10\\\/57_Spanngurte-01.png\",\"width\":731,\"height\":151,\"caption\":\"57Spanngurte\"},\"image\":{\"@id\":\"https:\\\/\\\/57spanngurte.de\\\/#\\\/schema\\\/logo\\\/image\\\/\"}}]}<\/script>\n<!-- \/ Yoast SEO plugin. -->","yoast_head_json":{"title":"Zurrkette 2-teilig | 10.600 daN | 13mm | GK8 \/ G80 - 57Spanngurte","description":"Zurrketten in vielen unterschiedlichen Ausf\u00fchrungen an. Bitte kontaktieren Sie uns, falls Sie in unserem Shop nicht die passende Zurrkette finden.","robots":{"index":"index","follow":"follow","max-snippet":"max-snippet:-1","max-image-preview":"max-image-preview:large","max-video-preview":"max-video-preview:-1"},"canonical":"https:\/\/57spanngurte.de\/produkt\/zurrkette-2-teilig-gk8-g80-3\/","og_locale":"en_US","og_type":"article","og_title":"Zurrkette 2-teilig | 10.600 daN | 13mm | GK8 \/ G80 - 57Spanngurte","og_description":"Zurrketten in vielen unterschiedlichen Ausf\u00fchrungen an. Bitte kontaktieren Sie uns, falls Sie in unserem Shop nicht die passende Zurrkette finden.","og_url":"https:\/\/57spanngurte.de\/produkt\/zurrkette-2-teilig-gk8-g80-3\/","og_site_name":"57Spanngurte","article_modified_time":"2025-06-10T12:20:44+00:00","twitter_card":"summary_large_image","twitter_misc":{"Est. reading time":"2 minutes"},"schema":{"@context":"https:\/\/schema.org","@graph":[{"@type":"WebPage","@id":"https:\/\/57spanngurte.de\/produkt\/zurrkette-2-teilig-gk8-g80-3\/","url":"https:\/\/57spanngurte.de\/produkt\/zurrkette-2-teilig-gk8-g80-3\/","name":"Zurrkette 2-teilig | 10.600 daN | 13mm | GK8 \/ G80 - 57Spanngurte","isPartOf":{"@id":"https:\/\/57spanngurte.de\/#website"},"datePublished":"2022-10-10T15:27:22+00:00","dateModified":"2025-06-10T12:20:44+00:00","description":"Zurrketten in vielen unterschiedlichen Ausf\u00fchrungen an. Bitte kontaktieren Sie uns, falls Sie in unserem Shop nicht die passende Zurrkette finden.","breadcrumb":{"@id":"https:\/\/57spanngurte.de\/produkt\/zurrkette-2-teilig-gk8-g80-3\/#breadcrumb"},"inLanguage":"en-US","potentialAction":[{"@type":"ReadAction","target":["https:\/\/57spanngurte.de\/produkt\/zurrkette-2-teilig-gk8-g80-3\/"]}]},{"@type":"BreadcrumbList","@id":"https:\/\/57spanngurte.de\/produkt\/zurrkette-2-teilig-gk8-g80-3\/#breadcrumb","itemListElement":[{"@type":"ListItem","position":1,"name":"Startseite","item":"https:\/\/57spanngurte.de\/"},{"@type":"ListItem","position":2,"name":"Produkte","item":"https:\/\/57spanngurte.de\/shop\/"},{"@type":"ListItem","position":3,"name":"Zurrkette 2-teilig | 10.600 daN | 13mm | GK8 \/ G80"}]},{"@type":"WebSite","@id":"https:\/\/57spanngurte.de\/#website","url":"https:\/\/57spanngurte.de\/","name":"57Spanngurte","description":"Spanngurte kaufen","publisher":{"@id":"https:\/\/57spanngurte.de\/#organization"},"potentialAction":[{"@type":"SearchAction","target":{"@type":"EntryPoint","urlTemplate":"https:\/\/57spanngurte.de\/?s={search_term_string}"},"query-input":{"@type":"PropertyValueSpecification","valueRequired":true,"valueName":"search_term_string"}}],"inLanguage":"en-US"},{"@type":"Organization","@id":"https:\/\/57spanngurte.de\/#organization","name":"57Spanngurte","url":"https:\/\/57spanngurte.de\/","logo":{"@type":"ImageObject","inLanguage":"en-US","@id":"https:\/\/57spanngurte.de\/#\/schema\/logo\/image\/","url":"https:\/\/57spanngurte.de\/wp-content\/uploads\/2022\/10\/57_Spanngurte-01.png","contentUrl":"https:\/\/57spanngurte.de\/wp-content\/uploads\/2022\/10\/57_Spanngurte-01.png","width":731,"height":151,"caption":"57Spanngurte"},"image":{"@id":"https:\/\/57spanngurte.de\/#\/schema\/logo\/image\/"}}]}},"tiered_pricing_type":"fixed","tiered_pricing_fixed_rules":[],"tiered_pricing_product_settings":{"layout":"default","base_unit_name":{"singular":null,"plural":null},"default_variation":null},"tiered_pricing_minimum_quantity":null,"tiered_pricing_roles_data":[],"tiered_pricing_percentage_rules":[],"tiered_pricing_maximum_quantity":null,"tiered_pricing_quantity_step":null,"_links":{"self":[{"href":"https:\/\/57spanngurte.de\/en\/wp-json\/wp\/v2\/product\/5263","targetHints":{"allow":["GET"]}}],"collection":[{"href":"https:\/\/57spanngurte.de\/en\/wp-json\/wp\/v2\/product"}],"about":[{"href":"https:\/\/57spanngurte.de\/en\/wp-json\/wp\/v2\/types\/product"}],"replies":[{"embeddable":true,"href":"https:\/\/57spanngurte.de\/en\/wp-json\/wp\/v2\/comments?post=5263"}],"wp:attachment":[{"href":"https:\/\/57spanngurte.de\/en\/wp-json\/wp\/v2\/media?parent=5263"}],"wp:term":[{"taxonomy":"product_brand","embeddable":true,"href":"https:\/\/57spanngurte.de\/en\/wp-json\/wp\/v2\/product_brand?post=5263"},{"taxonomy":"product_cat","embeddable":true,"href":"https:\/\/57spanngurte.de\/en\/wp-json\/wp\/v2\/product_cat?post=5263"},{"taxonomy":"product_tag","embeddable":true,"href":"https:\/\/57spanngurte.de\/en\/wp-json\/wp\/v2\/product_tag?post=5263"}],"curies":[{"name":"wp","href":"https:\/\/api.w.org\/{rel}","templated":true}]}}