{"id":6381,"date":"2023-05-04T10:11:41","date_gmt":"2023-05-04T08:11:41","guid":{"rendered":"https:\/\/57spanngurte.de\/?post_type=product&#038;p=6381"},"modified":"2026-04-18T21:04:45","modified_gmt":"2026-04-18T19:04:45","slug":"gurtverlaengerung-losende-mit-spitzhaken-und-d-ring-2500-5000-dan-03m-laenge","status":"publish","type":"product","link":"https:\/\/57spanngurte.de\/en\/produkt\/gurtverlaengerung-losende-mit-spitzhaken-und-d-ring-2500-5000-dan-03m-laenge\/","title":{"rendered":"Gurtverl\u00e4ngerung Losende mit Spitzhaken und D-Ring 2500\/5000 daN 0,3m-0,5m L\u00e4nge"},"content":{"rendered":"<h4><strong>Professionelle Spanngurt Verl\u00e4ngerung f\u00fcr Zurrgurte und Zurrgurtadapter<\/strong><\/h4>\n<p>Unsere Gurtverl\u00e4ngerung mit Spitzhaken und D-Ring ist die optimale L\u00f6sung, um <a href=\"https:\/\/57spanngurte.de\/produkt-kategorie\/spanngurte\/\">Spanngurte<\/a> verl\u00e4ngern zu k\u00f6nnen \u2013 schnell, sicher und zuverl\u00e4ssig. Erh\u00e4ltlich in den L\u00e4ngen 0,3\u202fm, 0,4\u202fm und 0,5\u202fm, bietet diese Spanngurt Verl\u00e4ngerung maximale Flexibilit\u00e4t bei der Sicherung von Ladung. Sie ist perfekt kompatibel mit g\u00e4ngigen Zurrgurtadaptern und l\u00e4sst sich problemlos in bestehende Spanngurtsysteme integrieren.<\/p>\n<p>Dank der zul\u00e4ssigen Zugkraft von 2.500\/5.000 daN gew\u00e4hrleistet die Gurtverl\u00e4ngerung h\u00f6chste Sicherheit bei der Ladungssicherung. Mit robustem Spitzhaken und D-Ring sorgt das Produkt f\u00fcr eine sichere Verbindung und ein schnelles Einh\u00e4ngen. Das passende Material und die pr\u00e4zise Verarbeitung garantieren eine lange Lebensdauer und eine gleichbleibende Qualit\u00e4t, die auch bei regelm\u00e4\u00dfigem, intensivem Gebrauch im gewerblichen Bereich \u00fcberzeugt.<\/p>\n<p>Mit dieser Gurtverl\u00e4ngerung erweitern Sie Ihre Zurrgurte passgenau und k\u00f6nnen Ihre <a href=\"https:\/\/57spanngurte.de\/produkt-kategorie\/spanngurte\/\">Spanngurte<\/a> flexibel an unterschiedliche Ladungsl\u00e4ngen anpassen. Die Verl\u00e4ngerung ist dient unter anderem dem Einsatz im Transport- und Logistikbereich zur LKW Ladungssicherung und Anh\u00e4nger Ladungssicherung, Baugewerbe oder der Industrie und ist nach DIN EN 12195-2 gefertigt. Sie erf\u00fcllt somit alle Anforderungen f\u00fcr professionelle und normgerechte Ladungssicherung, wodurch Sie Ihre Transportg\u00fcter optimal sch\u00fctzen.<\/p>\n<p>Setzen Sie auf eine gepr\u00fcfte Spanngurt Verl\u00e4ngerung, die Ihre bestehenden Zurrgurte optimal erg\u00e4nzt. Unsere Produkte bieten eine wirtschaftliche L\u00f6sung, wenn Sie Spanngurte verl\u00e4ngern m\u00f6chten, ohne neue Gurtsysteme anschaffen zu m\u00fcssen.<\/p>\n<h4 data-start=\"2226\" data-end=\"2258\">Vorteile f\u00fcr Sie:<\/h4>\n<ul data-start=\"2259\" data-end=\"2587\">\n<li data-start=\"2259\" data-end=\"2313\">\n<p data-start=\"2261\" data-end=\"2313\">Professionelle L\u00f6sung zum Spanngurt verl\u00e4ngern<\/p>\n<\/li>\n<li data-start=\"2314\" data-end=\"2399\">\n<p data-start=\"2316\" data-end=\"2399\">Zeit- und kosteneffizient \u2013 keine Neuanschaffung kompletter Gurtsysteme notwendig<\/p>\n<\/li>\n<li data-start=\"2400\" data-end=\"2455\">\n<p data-start=\"2402\" data-end=\"2455\">Maximale Kompatibilit\u00e4t mit vorhandenen Komponenten<\/p>\n<\/li>\n<li data-start=\"2456\" data-end=\"2507\">\n<p data-start=\"2458\" data-end=\"2507\">Hohe Verarbeitungsqualit\u00e4t f\u00fcr den Dauereinsatz<\/p>\n<\/li>\n<\/ul>\n<p>Jetzt bei 57spanngurte.de die passende Gurtverl\u00e4ngerung in 0,3\u202fm, 0,4\u202fm oder 0,5\u202fm L\u00e4nge bestellen \u2013 f\u00fcr eine professionelle, sichere und flexible Ladungssicherung mit Ihren Zurrgurtadaptern und <a href=\"https:\/\/57spanngurte.de\/produkt-kategorie\/spanngurte\/\">Spanngurten<\/a>. Profitieren Sie von kurzen Lieferzeiten, kompetenter Beratung und gepr\u00fcfter Qualit\u00e4t, die speziell auf die Anforderungen zugeschnitten ist.<\/p>\n","protected":false},"excerpt":{"rendered":"<p>Diese Gurtverl\u00e4ngerung wird z.B. bei besonders breiten Waren eingesetzt.<\/p>\n<p>Sollte die Ratsche auf Grund der Abmessung des Gutes genau auf der Kante dieses Enden, so nutzt man die Gurtverl\u00e4ngerung um die Ratsche normal schlie\u00dfen zu k\u00f6nnen, ohne eine ungewollte \u00dcberbreite zu erzeugen.<\/p>\n<p>Die Gurtverl\u00e4ngerung kann ebenso eingesetzt werden, wenn der Standard Spanngurt mit seinen Abmessungen nicht ausreicht und man eine kurzfristige M\u00f6glichkeit der Verl\u00e4ngerung ben\u00f6tigt.<\/p>\n<p>Die Farbe kann vom Produktbild abweichen.<\/p>\n","protected":false},"featured_media":6382,"comment_status":"closed","ping_status":"closed","template":"","meta":{"_monsterinsights_skip_tracking":false,"_monsterinsights_sitenote_active":false,"_monsterinsights_sitenote_note":"","_monsterinsights_sitenote_category":0},"product_brand":[],"product_cat":[129],"product_tag":[],"class_list":{"0":"post-6381","1":"product","2":"type-product","3":"status-publish","4":"has-post-thumbnail","6":"product_cat-spanngurte","8":"first","9":"instock","10":"taxable","11":"shipping-taxable","12":"purchasable","13":"product-type-variable","14":"has-default-attributes"},"yoast_head":"<!-- This site is optimized with the Yoast SEO plugin v27.2 - https:\/\/yoast.com\/product\/yoast-seo-wordpress\/ -->\n<title>Gurtverl\u00e4ngerung Losende mit Spitzhaken und D-Ring 2500\/5000 daN 0,3m-0,5m L\u00e4nge - 57Spanngurte<\/title>\n<meta name=\"description\" content=\"Robuste Gurtverl\u00e4ngerung 0,3 - 0,5 m mit Spitzhaken &amp; D-Ring \u2013 Ideal zum Spanngurt verl\u00e4ngern. 2.500\/5.000 daN. Jetzt online kaufen bei 57spanngurte.de!\" \/>\n<meta name=\"robots\" content=\"index, follow, max-snippet:-1, max-image-preview:large, max-video-preview:-1\" \/>\n<link rel=\"canonical\" href=\"https:\/\/57spanngurte.de\/produkt\/gurtverlaengerung-losende-mit-spitzhaken-und-d-ring-2500-5000-dan-03m-laenge\/\" \/>\n<meta property=\"og:locale\" content=\"en_US\" \/>\n<meta property=\"og:type\" content=\"article\" \/>\n<meta property=\"og:title\" content=\"Gurtverl\u00e4ngerung Losende mit Spitzhaken und D-Ring 2500\/5000 daN 0,3m-0,5m L\u00e4nge - 57Spanngurte\" \/>\n<meta property=\"og:description\" content=\"Robuste Gurtverl\u00e4ngerung 0,3 - 0,5 m mit Spitzhaken &amp; D-Ring \u2013 Ideal zum Spanngurt verl\u00e4ngern. 2.500\/5.000 daN. Jetzt online kaufen bei 57spanngurte.de!\" \/>\n<meta property=\"og:url\" content=\"https:\/\/57spanngurte.de\/produkt\/gurtverlaengerung-losende-mit-spitzhaken-und-d-ring-2500-5000-dan-03m-laenge\/\" \/>\n<meta property=\"og:site_name\" content=\"57Spanngurte\" \/>\n<meta property=\"article:modified_time\" content=\"2026-04-18T19:04:45+00:00\" \/>\n<meta property=\"og:image\" content=\"https:\/\/57spanngurte.de\/wp-content\/uploads\/2023\/05\/Image-5-1.jpg\" \/>\n\t<meta property=\"og:image:width\" content=\"800\" \/>\n\t<meta property=\"og:image:height\" content=\"800\" \/>\n\t<meta property=\"og:image:type\" content=\"image\/jpeg\" \/>\n<meta name=\"twitter:card\" content=\"summary_large_image\" \/>\n<meta name=\"twitter:label1\" content=\"Est. reading time\" \/>\n\t<meta name=\"twitter:data1\" content=\"2 minutes\" \/>\n<script type=\"application\/ld+json\" class=\"yoast-schema-graph\">{\"@context\":\"https:\/\/schema.org\",\"@graph\":[{\"@type\":\"WebPage\",\"@id\":\"https:\/\/57spanngurte.de\/produkt\/gurtverlaengerung-losende-mit-spitzhaken-und-d-ring-2500-5000-dan-03m-laenge\/\",\"url\":\"https:\/\/57spanngurte.de\/produkt\/gurtverlaengerung-losende-mit-spitzhaken-und-d-ring-2500-5000-dan-03m-laenge\/\",\"name\":\"Gurtverl\u00e4ngerung Losende mit Spitzhaken und D-Ring 2500\/5000 daN 0,3m-0,5m L\u00e4nge - 57Spanngurte\",\"isPartOf\":{\"@id\":\"https:\/\/57spanngurte.de\/#website\"},\"primaryImageOfPage\":{\"@id\":\"https:\/\/57spanngurte.de\/produkt\/gurtverlaengerung-losende-mit-spitzhaken-und-d-ring-2500-5000-dan-03m-laenge\/#primaryimage\"},\"image\":{\"@id\":\"https:\/\/57spanngurte.de\/produkt\/gurtverlaengerung-losende-mit-spitzhaken-und-d-ring-2500-5000-dan-03m-laenge\/#primaryimage\"},\"thumbnailUrl\":\"https:\/\/57spanngurte.de\/wp-content\/uploads\/2023\/05\/Image-5-1.jpg\",\"datePublished\":\"2023-05-04T08:11:41+00:00\",\"dateModified\":\"2026-04-18T19:04:45+00:00\",\"description\":\"Robuste Gurtverl\u00e4ngerung 0,3 - 0,5 m mit Spitzhaken & D-Ring \u2013 Ideal zum Spanngurt verl\u00e4ngern. 2.500\/5.000 daN. Jetzt online kaufen bei 57spanngurte.de!\",\"breadcrumb\":{\"@id\":\"https:\/\/57spanngurte.de\/produkt\/gurtverlaengerung-losende-mit-spitzhaken-und-d-ring-2500-5000-dan-03m-laenge\/#breadcrumb\"},\"inLanguage\":\"en-US\",\"potentialAction\":[{\"@type\":\"ReadAction\",\"target\":[\"https:\/\/57spanngurte.de\/produkt\/gurtverlaengerung-losende-mit-spitzhaken-und-d-ring-2500-5000-dan-03m-laenge\/\"]}]},{\"@type\":\"ImageObject\",\"inLanguage\":\"en-US\",\"@id\":\"https:\/\/57spanngurte.de\/produkt\/gurtverlaengerung-losende-mit-spitzhaken-und-d-ring-2500-5000-dan-03m-laenge\/#primaryimage\",\"url\":\"https:\/\/57spanngurte.de\/wp-content\/uploads\/2023\/05\/Image-5-1.jpg\",\"contentUrl\":\"https:\/\/57spanngurte.de\/wp-content\/uploads\/2023\/05\/Image-5-1.jpg\",\"width\":800,\"height\":800,\"caption\":\"Gurtverl\u00e4ngerung Losende mit Spitzhaken und D-Ring 2500\/5000\"},{\"@type\":\"BreadcrumbList\",\"@id\":\"https:\/\/57spanngurte.de\/produkt\/gurtverlaengerung-losende-mit-spitzhaken-und-d-ring-2500-5000-dan-03m-laenge\/#breadcrumb\",\"itemListElement\":[{\"@type\":\"ListItem\",\"position\":1,\"name\":\"Startseite\",\"item\":\"https:\/\/57spanngurte.de\/\"},{\"@type\":\"ListItem\",\"position\":2,\"name\":\"Produkte\",\"item\":\"https:\/\/57spanngurte.de\/shop\/\"},{\"@type\":\"ListItem\",\"position\":3,\"name\":\"Gurtverl\u00e4ngerung Losende mit Spitzhaken und D-Ring 2500\/5000 daN 0,3m-0,5m L\u00e4nge\"}]},{\"@type\":\"WebSite\",\"@id\":\"https:\/\/57spanngurte.de\/#website\",\"url\":\"https:\/\/57spanngurte.de\/\",\"name\":\"57Spanngurte\",\"description\":\"Spanngurte kaufen\",\"publisher\":{\"@id\":\"https:\/\/57spanngurte.de\/#organization\"},\"potentialAction\":[{\"@type\":\"SearchAction\",\"target\":{\"@type\":\"EntryPoint\",\"urlTemplate\":\"https:\/\/57spanngurte.de\/?s={search_term_string}\"},\"query-input\":{\"@type\":\"PropertyValueSpecification\",\"valueRequired\":true,\"valueName\":\"search_term_string\"}}],\"inLanguage\":\"en-US\"},{\"@type\":\"Organization\",\"@id\":\"https:\/\/57spanngurte.de\/#organization\",\"name\":\"57Spanngurte\",\"url\":\"https:\/\/57spanngurte.de\/\",\"logo\":{\"@type\":\"ImageObject\",\"inLanguage\":\"en-US\",\"@id\":\"https:\/\/57spanngurte.de\/#\/schema\/logo\/image\/\",\"url\":\"https:\/\/57spanngurte.de\/wp-content\/uploads\/2022\/10\/57_Spanngurte-01.png\",\"contentUrl\":\"https:\/\/57spanngurte.de\/wp-content\/uploads\/2022\/10\/57_Spanngurte-01.png\",\"width\":731,\"height\":151,\"caption\":\"57Spanngurte\"},\"image\":{\"@id\":\"https:\/\/57spanngurte.de\/#\/schema\/logo\/image\/\"}}]}<\/script>\n<!-- \/ Yoast SEO plugin. -->","yoast_head_json":{"title":"Gurtverl\u00e4ngerung Losende mit Spitzhaken und D-Ring 2500\/5000 daN 0,3m-0,5m L\u00e4nge - 57Spanngurte","description":"Robuste Gurtverl\u00e4ngerung 0,3 - 0,5 m mit Spitzhaken & D-Ring \u2013 Ideal zum Spanngurt verl\u00e4ngern. 2.500\/5.000 daN. Jetzt online kaufen bei 57spanngurte.de!","robots":{"index":"index","follow":"follow","max-snippet":"max-snippet:-1","max-image-preview":"max-image-preview:large","max-video-preview":"max-video-preview:-1"},"canonical":"https:\/\/57spanngurte.de\/produkt\/gurtverlaengerung-losende-mit-spitzhaken-und-d-ring-2500-5000-dan-03m-laenge\/","og_locale":"en_US","og_type":"article","og_title":"Gurtverl\u00e4ngerung Losende mit Spitzhaken und D-Ring 2500\/5000 daN 0,3m-0,5m L\u00e4nge - 57Spanngurte","og_description":"Robuste Gurtverl\u00e4ngerung 0,3 - 0,5 m mit Spitzhaken & D-Ring \u2013 Ideal zum Spanngurt verl\u00e4ngern. 2.500\/5.000 daN. Jetzt online kaufen bei 57spanngurte.de!","og_url":"https:\/\/57spanngurte.de\/produkt\/gurtverlaengerung-losende-mit-spitzhaken-und-d-ring-2500-5000-dan-03m-laenge\/","og_site_name":"57Spanngurte","article_modified_time":"2026-04-18T19:04:45+00:00","og_image":[{"width":800,"height":800,"url":"https:\/\/57spanngurte.de\/wp-content\/uploads\/2023\/05\/Image-5-1.jpg","type":"image\/jpeg"}],"twitter_card":"summary_large_image","twitter_misc":{"Est. reading time":"2 minutes"},"schema":{"@context":"https:\/\/schema.org","@graph":[{"@type":"WebPage","@id":"https:\/\/57spanngurte.de\/produkt\/gurtverlaengerung-losende-mit-spitzhaken-und-d-ring-2500-5000-dan-03m-laenge\/","url":"https:\/\/57spanngurte.de\/produkt\/gurtverlaengerung-losende-mit-spitzhaken-und-d-ring-2500-5000-dan-03m-laenge\/","name":"Gurtverl\u00e4ngerung Losende mit Spitzhaken und D-Ring 2500\/5000 daN 0,3m-0,5m L\u00e4nge - 57Spanngurte","isPartOf":{"@id":"https:\/\/57spanngurte.de\/#website"},"primaryImageOfPage":{"@id":"https:\/\/57spanngurte.de\/produkt\/gurtverlaengerung-losende-mit-spitzhaken-und-d-ring-2500-5000-dan-03m-laenge\/#primaryimage"},"image":{"@id":"https:\/\/57spanngurte.de\/produkt\/gurtverlaengerung-losende-mit-spitzhaken-und-d-ring-2500-5000-dan-03m-laenge\/#primaryimage"},"thumbnailUrl":"https:\/\/57spanngurte.de\/wp-content\/uploads\/2023\/05\/Image-5-1.jpg","datePublished":"2023-05-04T08:11:41+00:00","dateModified":"2026-04-18T19:04:45+00:00","description":"Robuste Gurtverl\u00e4ngerung 0,3 - 0,5 m mit Spitzhaken & D-Ring \u2013 Ideal zum Spanngurt verl\u00e4ngern. 2.500\/5.000 daN. Jetzt online kaufen bei 57spanngurte.de!","breadcrumb":{"@id":"https:\/\/57spanngurte.de\/produkt\/gurtverlaengerung-losende-mit-spitzhaken-und-d-ring-2500-5000-dan-03m-laenge\/#breadcrumb"},"inLanguage":"en-US","potentialAction":[{"@type":"ReadAction","target":["https:\/\/57spanngurte.de\/produkt\/gurtverlaengerung-losende-mit-spitzhaken-und-d-ring-2500-5000-dan-03m-laenge\/"]}]},{"@type":"ImageObject","inLanguage":"en-US","@id":"https:\/\/57spanngurte.de\/produkt\/gurtverlaengerung-losende-mit-spitzhaken-und-d-ring-2500-5000-dan-03m-laenge\/#primaryimage","url":"https:\/\/57spanngurte.de\/wp-content\/uploads\/2023\/05\/Image-5-1.jpg","contentUrl":"https:\/\/57spanngurte.de\/wp-content\/uploads\/2023\/05\/Image-5-1.jpg","width":800,"height":800,"caption":"Gurtverl\u00e4ngerung Losende mit Spitzhaken und D-Ring 2500\/5000"},{"@type":"BreadcrumbList","@id":"https:\/\/57spanngurte.de\/produkt\/gurtverlaengerung-losende-mit-spitzhaken-und-d-ring-2500-5000-dan-03m-laenge\/#breadcrumb","itemListElement":[{"@type":"ListItem","position":1,"name":"Startseite","item":"https:\/\/57spanngurte.de\/"},{"@type":"ListItem","position":2,"name":"Produkte","item":"https:\/\/57spanngurte.de\/shop\/"},{"@type":"ListItem","position":3,"name":"Gurtverl\u00e4ngerung Losende mit Spitzhaken und D-Ring 2500\/5000 daN 0,3m-0,5m L\u00e4nge"}]},{"@type":"WebSite","@id":"https:\/\/57spanngurte.de\/#website","url":"https:\/\/57spanngurte.de\/","name":"57Spanngurte","description":"Spanngurte kaufen","publisher":{"@id":"https:\/\/57spanngurte.de\/#organization"},"potentialAction":[{"@type":"SearchAction","target":{"@type":"EntryPoint","urlTemplate":"https:\/\/57spanngurte.de\/?s={search_term_string}"},"query-input":{"@type":"PropertyValueSpecification","valueRequired":true,"valueName":"search_term_string"}}],"inLanguage":"en-US"},{"@type":"Organization","@id":"https:\/\/57spanngurte.de\/#organization","name":"57Spanngurte","url":"https:\/\/57spanngurte.de\/","logo":{"@type":"ImageObject","inLanguage":"en-US","@id":"https:\/\/57spanngurte.de\/#\/schema\/logo\/image\/","url":"https:\/\/57spanngurte.de\/wp-content\/uploads\/2022\/10\/57_Spanngurte-01.png","contentUrl":"https:\/\/57spanngurte.de\/wp-content\/uploads\/2022\/10\/57_Spanngurte-01.png","width":731,"height":151,"caption":"57Spanngurte"},"image":{"@id":"https:\/\/57spanngurte.de\/#\/schema\/logo\/image\/"}}]}},"tiered_pricing_type":"fixed","tiered_pricing_fixed_rules":{"31":6,"101":4.5},"tiered_pricing_product_settings":{"layout":"default","base_unit_name":{"singular":null,"plural":null},"default_variation":null},"tiered_pricing_minimum_quantity":null,"tiered_pricing_roles_data":[],"tiered_pricing_percentage_rules":[],"tiered_pricing_maximum_quantity":null,"tiered_pricing_quantity_step":null,"_links":{"self":[{"href":"https:\/\/57spanngurte.de\/en\/wp-json\/wp\/v2\/product\/6381","targetHints":{"allow":["GET"]}}],"collection":[{"href":"https:\/\/57spanngurte.de\/en\/wp-json\/wp\/v2\/product"}],"about":[{"href":"https:\/\/57spanngurte.de\/en\/wp-json\/wp\/v2\/types\/product"}],"replies":[{"embeddable":true,"href":"https:\/\/57spanngurte.de\/en\/wp-json\/wp\/v2\/comments?post=6381"}],"wp:featuredmedia":[{"embeddable":true,"href":"https:\/\/57spanngurte.de\/en\/wp-json\/wp\/v2\/media\/6382"}],"wp:attachment":[{"href":"https:\/\/57spanngurte.de\/en\/wp-json\/wp\/v2\/media?parent=6381"}],"wp:term":[{"taxonomy":"product_brand","embeddable":true,"href":"https:\/\/57spanngurte.de\/en\/wp-json\/wp\/v2\/product_brand?post=6381"},{"taxonomy":"product_cat","embeddable":true,"href":"https:\/\/57spanngurte.de\/en\/wp-json\/wp\/v2\/product_cat?post=6381"},{"taxonomy":"product_tag","embeddable":true,"href":"https:\/\/57spanngurte.de\/en\/wp-json\/wp\/v2\/product_tag?post=6381"}],"curies":[{"name":"wp","href":"https:\/\/api.w.org\/{rel}","templated":true}]}}